{"id":14,"date":"2012-08-23T07:48:36","date_gmt":"2012-08-23T07:48:36","guid":{"rendered":"http:\/\/gymnastik.aarupbk.dk\/?page_id=14"},"modified":"2024-05-19T11:09:19","modified_gmt":"2024-05-19T10:09:19","slug":"traeningstider","status":"publish","type":"page","link":"https:\/\/gymnastik.aarupboldklub.dk\/?page_id=14","title":{"rendered":"Tilmelding og betaling"},"content":{"rendered":"<p><b>Holdinfo og betaling<\/b><\/p>\n<p>I listen nedenfor finder du en liste med alle vores hold. Hvis du klikker p\u00e5 knappen med info p\u00e5 et hold, kan du se holdbeskrivelsen. Ved tilmelding og betaling, tryk p\u00e5 tilmeld.<\/p>\n<p><iframe loading=\"lazy\" src=\"https:\/\/www.conventus.dk\/dataudv\/www\/holdoversigt4_iframe.php?foreningsid=5195&amp;afdelingsid=20735&amp;handelsbetingelser=1&amp;reservationer=vis&amp;skjul_nyt_medlem=0&amp;skjul_allerede_medlem=0&amp;vindue=popup&amp;kolone1_width=50&amp;kolone2_width=50&amp;min_height=750\" width=\"100%\" height=\"508\" frameborder=\"0\"><\/iframe><\/p>\n<p>AB Gymnastik &#8211;\u00a0 En del af Aarup Boldklub &#8211; cvr. 14865810<\/p>\n","protected":false},"excerpt":{"rendered":"<p>Holdinfo og betaling I listen nedenfor finder du en liste med alle vores hold. Hvis du klikker p\u00e5 knappen med info p\u00e5 et hold, kan du se holdbeskrivelsen. Ved tilmelding og betaling, tryk p\u00e5 tilmeld. AB Gymnastik &#8211;\u00a0 En del&hellip;<\/p>\n<p class=\"more-link-p\"><a class=\"more-link\" href=\"https:\/\/gymnastik.aarupboldklub.dk\/?page_id=14\">Read more &rarr;<\/a><\/p>\n","protected":false},"author":1,"featured_media":0,"parent":0,"menu_order":1,"comment_status":"open","ping_status":"open","template":"","meta":{"footnotes":""},"class_list":["post-14","page","type-page","status-publish","hentry"],"_links":{"self":[{"href":"https:\/\/gymnastik.aarupboldklub.dk\/index.php?rest_route=\/wp\/v2\/pages\/14","targetHints":{"allow":["GET"]}}],"collection":[{"href":"https:\/\/gymnastik.aarupboldklub.dk\/index.php?rest_route=\/wp\/v2\/pages"}],"about":[{"href":"https:\/\/gymnastik.aarupboldklub.dk\/index.php?rest_route=\/wp\/v2\/types\/page"}],"author":[{"embeddable":true,"href":"https:\/\/gymnastik.aarupboldklub.dk\/index.php?rest_route=\/wp\/v2\/users\/1"}],"replies":[{"embeddable":true,"href":"https:\/\/gymnastik.aarupboldklub.dk\/index.php?rest_route=%2Fwp%2Fv2%2Fcomments&post=14"}],"version-history":[{"count":76,"href":"https:\/\/gymnastik.aarupboldklub.dk\/index.php?rest_route=\/wp\/v2\/pages\/14\/revisions"}],"predecessor-version":[{"id":3219,"href":"https:\/\/gymnastik.aarupboldklub.dk\/index.php?rest_route=\/wp\/v2\/pages\/14\/revisions\/3219"}],"wp:attachment":[{"href":"https:\/\/gymnastik.aarupboldklub.dk\/index.php?rest_route=%2Fwp%2Fv2%2Fmedia&parent=14"}],"curies":[{"name":"wp","href":"https:\/\/api.w.org\/{rel}","templated":true}]}}