{"id":1698,"date":"2016-06-22T10:44:13","date_gmt":"2016-06-22T09:44:13","guid":{"rendered":"https:\/\/gymnastik.aarupboldklub.dk\/?page_id=1698"},"modified":"2016-06-22T10:44:46","modified_gmt":"2016-06-22T09:44:46","slug":"sport-og-fitness","status":"publish","type":"page","link":"https:\/\/gymnastik.aarupboldklub.dk\/?page_id=1698","title":{"rendered":"Sport og Fitness"},"content":{"rendered":"<p>Vi har indg\u00e5et en aftale med Sport og Fitness, som betyder at medlemmer af AB Gymnastik, samt medlemmers for\u00e6ldre og s\u00f8skende kan f\u00e5 medlemskab af Sport og Fitness til rabatpris.<\/p>\n<p>Se mere i flyeren: <a href=\"https:\/\/gymnastik.aarupboldklub.dk\/wp-content\/uploads\/2016\/06\/Sport-og-Fitness.pdf\">Sport og Fitness<\/a><\/p>\n","protected":false},"excerpt":{"rendered":"<p>Vi har indg\u00e5et en aftale med Sport og Fitness, som betyder at medlemmer af AB Gymnastik, samt medlemmers for\u00e6ldre og s\u00f8skende kan f\u00e5 medlemskab af Sport og Fitness til rabatpris. Se mere i flyeren: Sport og Fitness<\/p>\n","protected":false},"author":5,"featured_media":0,"parent":383,"menu_order":0,"comment_status":"closed","ping_status":"closed","template":"","meta":{"footnotes":""},"class_list":["post-1698","page","type-page","status-publish","hentry"],"_links":{"self":[{"href":"https:\/\/gymnastik.aarupboldklub.dk\/index.php?rest_route=\/wp\/v2\/pages\/1698","targetHints":{"allow":["GET"]}}],"collection":[{"href":"https:\/\/gymnastik.aarupboldklub.dk\/index.php?rest_route=\/wp\/v2\/pages"}],"about":[{"href":"https:\/\/gymnastik.aarupboldklub.dk\/index.php?rest_route=\/wp\/v2\/types\/page"}],"author":[{"embeddable":true,"href":"https:\/\/gymnastik.aarupboldklub.dk\/index.php?rest_route=\/wp\/v2\/users\/5"}],"replies":[{"embeddable":true,"href":"https:\/\/gymnastik.aarupboldklub.dk\/index.php?rest_route=%2Fwp%2Fv2%2Fcomments&post=1698"}],"version-history":[{"count":2,"href":"https:\/\/gymnastik.aarupboldklub.dk\/index.php?rest_route=\/wp\/v2\/pages\/1698\/revisions"}],"predecessor-version":[{"id":1701,"href":"https:\/\/gymnastik.aarupboldklub.dk\/index.php?rest_route=\/wp\/v2\/pages\/1698\/revisions\/1701"}],"up":[{"embeddable":true,"href":"https:\/\/gymnastik.aarupboldklub.dk\/index.php?rest_route=\/wp\/v2\/pages\/383"}],"wp:attachment":[{"href":"https:\/\/gymnastik.aarupboldklub.dk\/index.php?rest_route=%2Fwp%2Fv2%2Fmedia&parent=1698"}],"curies":[{"name":"wp","href":"https:\/\/api.w.org\/{rel}","templated":true}]}}