{"id":173,"date":"2012-09-04T19:06:36","date_gmt":"2012-09-04T19:06:36","guid":{"rendered":"http:\/\/gymnastik.aarupbk.dk\/?page_id=173"},"modified":"2025-05-21T17:06:40","modified_gmt":"2025-05-21T16:06:40","slug":"bestyrelse-11","status":"publish","type":"page","link":"https:\/\/gymnastik.aarupboldklub.dk\/?page_id=173","title":{"rendered":"Bestyrelse"},"content":{"rendered":"\n<p><em><strong>Forretningsudvalg:<\/strong><\/em><\/p>\n<p>Anni Schmidt Petersen,<\/p>\n<p>annischmidtpetersen@gmail.com<\/p>\n<p>53622790<\/p>\n<p>&nbsp;<\/p>\n<p>Pia Hansen,<\/p>\n<p>piabhansen@gmail.com,<\/p>\n<p>23336841<\/p>\n<p>&nbsp;<\/p>\n<p>Sanne Hedemann,<\/p>\n<p>sannehedemann@gmail.com<\/p>\n<p>51907096<\/p>\n<p>&nbsp;<\/p>\n<p><strong><em>\u00d8vrige Bestyrelsesmedlemmer:<\/em><\/strong><\/p>\n<p>Cecilie Steenvinkel Hansen,<\/p>\n<p>cecilie_christensen@hotmail.com<\/p>\n<p>60850767<\/p>\n<p>&nbsp;<\/p>\n<p>Julie Hvilsh\u00f8j,<\/p>\n<p>hvilshoj@gmail.com<\/p>\n<p>&nbsp;<\/p>\n<p>Thomas Rasmussen,<\/p>\n<p>thomas@bille-rasmussen.dk<\/p>\n<p>40334552<\/p>\n<p>&nbsp;<\/p>\n\n\n\n<div class=\"wp-block-columns has-2-columns is-layout-flex wp-container-core-columns-is-layout-9d6595d7 wp-block-columns-is-layout-flex\">\n<div class=\"wp-block-column is-layout-flow wp-block-column-is-layout-flow\">\n<p><em><strong>Kasserer:<\/strong><\/em><\/p>\n\n\n\n<p>Birthe J\u00f8rgensen,<\/p>\n\n\n\n<p>kassserer@abgymnastik.dk<\/p>\n\n\n\n<p><\/p>\n\n\n\n<p><\/p>\n\n\n\n<p><\/p>\n\n\n\n<p><\/p>\n\n\n\n<p><\/p>\n<\/div>\n\n\n\n<div class=\"wp-block-column is-layout-flow wp-block-column-is-layout-flow\"><\/div>\n<\/div>\n\n\n","protected":false},"excerpt":{"rendered":"<p>Forretningsudvalg: Anni Schmidt Petersen, annischmidtpetersen@gmail.com 53622790 &nbsp; Pia Hansen, piabhansen@gmail.com, 23336841 &nbsp; Sanne Hedemann, sannehedemann@gmail.com 51907096 &nbsp; \u00d8vrige Bestyrelsesmedlemmer: Cecilie Steenvinkel Hansen, cecilie_christensen@hotmail.com 60850767 &nbsp; Julie Hvilsh\u00f8j, hvilshoj@gmail.com &nbsp; Thomas Rasmussen, thomas@bille-rasmussen.dk 40334552 &nbsp; Kasserer: Birthe J\u00f8rgensen, kassserer@abgymnastik.dk<\/p>\n","protected":false},"author":1,"featured_media":0,"parent":0,"menu_order":3,"comment_status":"open","ping_status":"open","template":"","meta":{"footnotes":""},"class_list":["post-173","page","type-page","status-publish","hentry"],"_links":{"self":[{"href":"https:\/\/gymnastik.aarupboldklub.dk\/index.php?rest_route=\/wp\/v2\/pages\/173","targetHints":{"allow":["GET"]}}],"collection":[{"href":"https:\/\/gymnastik.aarupboldklub.dk\/index.php?rest_route=\/wp\/v2\/pages"}],"about":[{"href":"https:\/\/gymnastik.aarupboldklub.dk\/index.php?rest_route=\/wp\/v2\/types\/page"}],"author":[{"embeddable":true,"href":"https:\/\/gymnastik.aarupboldklub.dk\/index.php?rest_route=\/wp\/v2\/users\/1"}],"replies":[{"embeddable":true,"href":"https:\/\/gymnastik.aarupboldklub.dk\/index.php?rest_route=%2Fwp%2Fv2%2Fcomments&post=173"}],"version-history":[{"count":84,"href":"https:\/\/gymnastik.aarupboldklub.dk\/index.php?rest_route=\/wp\/v2\/pages\/173\/revisions"}],"predecessor-version":[{"id":3311,"href":"https:\/\/gymnastik.aarupboldklub.dk\/index.php?rest_route=\/wp\/v2\/pages\/173\/revisions\/3311"}],"wp:attachment":[{"href":"https:\/\/gymnastik.aarupboldklub.dk\/index.php?rest_route=%2Fwp%2Fv2%2Fmedia&parent=173"}],"curies":[{"name":"wp","href":"https:\/\/api.w.org\/{rel}","templated":true}]}}