{"id":2326,"date":"2017-07-10T21:37:51","date_gmt":"2017-07-10T20:37:51","guid":{"rendered":"https:\/\/gymnastik.aarupboldklub.dk\/?page_id=2326"},"modified":"2017-07-23T22:20:40","modified_gmt":"2017-07-23T21:20:40","slug":"stoet-aarup-boldklub","status":"publish","type":"page","link":"https:\/\/gymnastik.aarupboldklub.dk\/?page_id=2326","title":{"rendered":"St\u00f8t Aarup Boldklub"},"content":{"rendered":"<p>Du kan st\u00f8tte Aarup Boldklub og dermed ogs\u00e5 AB Gymnastik, gennem k\u00f8b af EL og GAS hos EnergiFyn.<\/p>\n<p>Se mere p\u00e5 dette link:\u00a0<a href=\"https:\/\/www.energifyn.dk\/privat\/elhandel\/fynsksupport\/bliv-supporter\" target=\"_blank\" rel=\"noopener noreferrer\">Bliv supporter<\/a><\/p>\n","protected":false},"excerpt":{"rendered":"<p>Du kan st\u00f8tte Aarup Boldklub og dermed ogs\u00e5 AB Gymnastik, gennem k\u00f8b af EL og GAS hos EnergiFyn. Se mere p\u00e5 dette link:\u00a0Bliv supporter<\/p>\n","protected":false},"author":5,"featured_media":0,"parent":383,"menu_order":0,"comment_status":"closed","ping_status":"closed","template":"","meta":{"footnotes":""},"class_list":["post-2326","page","type-page","status-publish","hentry"],"_links":{"self":[{"href":"https:\/\/gymnastik.aarupboldklub.dk\/index.php?rest_route=\/wp\/v2\/pages\/2326","targetHints":{"allow":["GET"]}}],"collection":[{"href":"https:\/\/gymnastik.aarupboldklub.dk\/index.php?rest_route=\/wp\/v2\/pages"}],"about":[{"href":"https:\/\/gymnastik.aarupboldklub.dk\/index.php?rest_route=\/wp\/v2\/types\/page"}],"author":[{"embeddable":true,"href":"https:\/\/gymnastik.aarupboldklub.dk\/index.php?rest_route=\/wp\/v2\/users\/5"}],"replies":[{"embeddable":true,"href":"https:\/\/gymnastik.aarupboldklub.dk\/index.php?rest_route=%2Fwp%2Fv2%2Fcomments&post=2326"}],"version-history":[{"count":2,"href":"https:\/\/gymnastik.aarupboldklub.dk\/index.php?rest_route=\/wp\/v2\/pages\/2326\/revisions"}],"predecessor-version":[{"id":2333,"href":"https:\/\/gymnastik.aarupboldklub.dk\/index.php?rest_route=\/wp\/v2\/pages\/2326\/revisions\/2333"}],"up":[{"embeddable":true,"href":"https:\/\/gymnastik.aarupboldklub.dk\/index.php?rest_route=\/wp\/v2\/pages\/383"}],"wp:attachment":[{"href":"https:\/\/gymnastik.aarupboldklub.dk\/index.php?rest_route=%2Fwp%2Fv2%2Fmedia&parent=2326"}],"curies":[{"name":"wp","href":"https:\/\/api.w.org\/{rel}","templated":true}]}}