{"id":394,"date":"2012-09-09T18:23:27","date_gmt":"2012-09-09T18:23:27","guid":{"rendered":"http:\/\/gymnastik.aarupbk.dk\/?page_id=394"},"modified":"2025-02-25T20:27:07","modified_gmt":"2025-02-25T19:27:07","slug":"kontakt","status":"publish","type":"page","link":"https:\/\/gymnastik.aarupboldklub.dk\/?page_id=394","title":{"rendered":"Kontakt"},"content":{"rendered":"<p>Du er meget velkommen til at kontakte forretningsudvalget i AB Gymnastik telefonisk eller via mail, hvis du har sp\u00f8rgsm\u00e5l eller \u00f8nsker at h\u00f8re n\u00e6rmere om holdene eller om den nye s\u00e6son:<\/p>\n<p><strong>Forretningsudvalget:<\/strong><\/p>\n<p>Anni Schmidt Petersen &#8211; annischmidtpetersen@gmail.com &#8211; 53622790<\/p>\n<p>Pia Hansen &#8211; piabhansen@gmail.com &#8211; 23336841<\/p>\n<p>Sanne Hedemann &#8211; sannehedemann@gmail.com &#8211; 51907006<\/p>\n","protected":false},"excerpt":{"rendered":"<p>Du er meget velkommen til at kontakte forretningsudvalget i AB Gymnastik telefonisk eller via mail, hvis du har sp\u00f8rgsm\u00e5l eller \u00f8nsker at h\u00f8re n\u00e6rmere om holdene eller om den nye s\u00e6son: Forretningsudvalget: Anni Schmidt Petersen &#8211; annischmidtpetersen@gmail.com &#8211; 53622790 Pia&hellip;<\/p>\n<p class=\"more-link-p\"><a class=\"more-link\" href=\"https:\/\/gymnastik.aarupboldklub.dk\/?page_id=394\">Read more &rarr;<\/a><\/p>\n","protected":false},"author":1,"featured_media":0,"parent":0,"menu_order":6,"comment_status":"open","ping_status":"open","template":"","meta":{"footnotes":""},"class_list":["post-394","page","type-page","status-publish","hentry"],"_links":{"self":[{"href":"https:\/\/gymnastik.aarupboldklub.dk\/index.php?rest_route=\/wp\/v2\/pages\/394","targetHints":{"allow":["GET"]}}],"collection":[{"href":"https:\/\/gymnastik.aarupboldklub.dk\/index.php?rest_route=\/wp\/v2\/pages"}],"about":[{"href":"https:\/\/gymnastik.aarupboldklub.dk\/index.php?rest_route=\/wp\/v2\/types\/page"}],"author":[{"embeddable":true,"href":"https:\/\/gymnastik.aarupboldklub.dk\/index.php?rest_route=\/wp\/v2\/users\/1"}],"replies":[{"embeddable":true,"href":"https:\/\/gymnastik.aarupboldklub.dk\/index.php?rest_route=%2Fwp%2Fv2%2Fcomments&post=394"}],"version-history":[{"count":14,"href":"https:\/\/gymnastik.aarupboldklub.dk\/index.php?rest_route=\/wp\/v2\/pages\/394\/revisions"}],"predecessor-version":[{"id":3287,"href":"https:\/\/gymnastik.aarupboldklub.dk\/index.php?rest_route=\/wp\/v2\/pages\/394\/revisions\/3287"}],"wp:attachment":[{"href":"https:\/\/gymnastik.aarupboldklub.dk\/index.php?rest_route=%2Fwp%2Fv2%2Fmedia&parent=394"}],"curies":[{"name":"wp","href":"https:\/\/api.w.org\/{rel}","templated":true}]}}